{"id":139,"date":"2026-04-14T23:28:46","date_gmt":"2026-04-15T02:28:46","guid":{"rendered":"http:\/\/arthisa.eng.br\/?page_id=139"},"modified":"2026-04-15T00:01:25","modified_gmt":"2026-04-15T03:01:25","slug":"site-em-manutencao-2-copy","status":"publish","type":"page","link":"https:\/\/arthisa.eng.br\/","title":{"rendered":"SITE EM MANUTEN\u00c7\u00c3O 2 &#8211; Copy"},"content":{"rendered":"\n<figure class=\"wp-block-image aligncenter size-large is-resized\"><img loading=\"lazy\" decoding=\"async\" width=\"1024\" height=\"345\" src=\"http:\/\/arthisa.eng.br\/wp-content\/uploads\/2026\/04\/Arthisa-branco-2-1024x345.jpg\" alt=\"\" class=\"wp-image-150\" style=\"aspect-ratio:2.976765647901851;width:361px;height:auto\" srcset=\"https:\/\/arthisa.eng.br\/wp-content\/uploads\/2026\/04\/Arthisa-branco-2-1024x345.jpg 1024w, https:\/\/arthisa.eng.br\/wp-content\/uploads\/2026\/04\/Arthisa-branco-2-300x101.jpg 300w, https:\/\/arthisa.eng.br\/wp-content\/uploads\/2026\/04\/Arthisa-branco-2-768x259.jpg 768w, https:\/\/arthisa.eng.br\/wp-content\/uploads\/2026\/04\/Arthisa-branco-2-1536x517.jpg 1536w, https:\/\/arthisa.eng.br\/wp-content\/uploads\/2026\/04\/Arthisa-branco-2-2048x689.jpg 2048w, https:\/\/arthisa.eng.br\/wp-content\/uploads\/2026\/04\/Arthisa-branco-2-1920x646.jpg 1920w\" sizes=\"(max-width: 1024px) 100vw, 1024px\" \/><\/figure>\n\n\n<div id=\"sp-page\" class=\"spBgcover sp-content-4\" style=\"background-color: #ffffff; font-family: 'Helvetica Neue', Arial, sans-serif; font-weight: 400;\">\n<section id=\"sp-ks8a8s\" class=\"sp-el-section \" style=\"width: 100%; max-width: 100%; padding: 10px;\" data-mobile-visibility=\"#sp-ks8a8s|false\" data-tablet-visibility=\"#sp-ks8a8s|false\" data-desktop-visibility=\"#sp-ks8a8s|false\" data-mobile-css=\"\" data-tablet-css=\"\">\n<div id=\"sp-vw3kvy\" class=\"sp-el-row sp-w-full  sp-m-auto sm:sp-flex sp-justify-between\" style=\"padding: 0px; width: auto; max-width: 1000px;\" data-mobile-visibility=\"#sp-vw3kvy|false\" data-tablet-visibility=\"#sp-vw3kvy|false\" data-desktop-visibility=\"#sp-vw3kvy|false\" data-mobile-css=\"\" data-tablet-css=\"\">\n<div id=\"sp-ovbx1s\" class=\"sp-el-col  sp-w-full\" style=\"width: calc(100% + 0px);\" data-mobile-visibility=\"#sp-ovbx1s|false\" data-tablet-visibility=\"#sp-ovbx1s|false\" data-desktop-visibility=\"#sp-ovbx1s|false\" data-mobile-css=\"\" data-tablet-css=\"\">\n<figure id=\"sp-xnapms\" class=\"sp-image-wrapper sp-el-block\" style=\"margin: 0px; text-align: center;\" data-mobile-css=\"#sp-xnapms|text-align:center;\" data-tablet-css=\"#sp-xnapms|text-align:center;\">\n<div><img loading=\"lazy\" decoding=\"async\" class=\"alignnone wp-image-145 size-medium\" src=\"http:\/\/arthisa.eng.br\/wp-content\/uploads\/2026\/04\/Gemini_Generated_Image_742pib742pib742p-300x300.png\" alt=\"\" width=\"300\" height=\"300\" srcset=\"https:\/\/arthisa.eng.br\/wp-content\/uploads\/2026\/04\/Gemini_Generated_Image_742pib742pib742p-300x300.png 300w, https:\/\/arthisa.eng.br\/wp-content\/uploads\/2026\/04\/Gemini_Generated_Image_742pib742pib742p-150x150.png 150w, https:\/\/arthisa.eng.br\/wp-content\/uploads\/2026\/04\/Gemini_Generated_Image_742pib742pib742p-768x768.png 768w, https:\/\/arthisa.eng.br\/wp-content\/uploads\/2026\/04\/Gemini_Generated_Image_742pib742pib742p.png 1024w\" sizes=\"(max-width: 300px) 100vw, 300px\" \/><\/div>\n<div id=\"sp-image-dynamic-tags-js-xnapms\"><script>jQuery(function() { image_dynamic_tags('xnapms' );});<\/script><\/div>\n<\/figure>\n<h1 id=\"sp-y0sc75\" class=\"sp-css-target sp-el-block sp-headline-block-y0sc75 sp-type-header\" style=\"font-size: 54px; text-align: center; margin: 0px;\" data-mobile-css=\".sp-headline-block-y0sc75, #sp-y0sc75, #y0sc75|text-align:center;\" data-tablet-css=\".sp-headline-block-y0sc75, #sp-y0sc75, #y0sc75|text-align:center;\" data-mobile-visibility=\".sp-headline-block-y0sc75|false\" data-tablet-visibility=\".sp-headline-block-y0sc75|false\" data-desktop-visibility=\".sp-headline-block-y0sc75|false\">SITE EM MANUTEN\u00c7\u00c3O<\/h1>\n<div id=\"sp-p7ef8k\" class=\"sp-css-target sp-text-wrapper sp-el-block sp-text-wrapper-p7ef8k\" style=\"font-size: 18px; margin: 0px; text-align: center;\" data-mobile-css=\".sp-text-wrapper-p7ef8k, #sp-p7ef8k, #p7ef8k|text-align:left;\" data-tablet-css=\".sp-text-wrapper-p7ef8k, #sp-p7ef8k, #p7ef8k|text-align:left;\" data-mobile-visibility=\".sp-text-wrapper-p7ef8k|false\" data-tablet-visibility=\".sp-text-wrapper-p7ef8k|false\" data-desktop-visibility=\".sp-text-wrapper-p7ef8k|false\">\n<p>ESTAMOS TRABALHANDO EM UM NOVO SITE PARA VOC\u00ca!<\/p>\n<p>EM BREVE ESTAREMOS DE VOLTA!<\/p>\n<\/div>\n<div id=\"sp-hpscna\" class=\"sp-css-target sp-text-wrapper sp-el-block sp-text-wrapper-hpscna\" style=\"margin: 0px; text-align: center;\" data-mobile-css=\".sp-text-wrapper-hpscna, #sp-hpscna, #hpscna|text-align:left;\" data-tablet-css=\".sp-text-wrapper-hpscna, #sp-hpscna, #hpscna|text-align:left;\" data-mobile-visibility=\".sp-text-wrapper-hpscna|false\" data-tablet-visibility=\".sp-text-wrapper-hpscna|false\" data-desktop-visibility=\".sp-text-wrapper-hpscna|false\">\n<p><strong>NOSSO CONTATO<\/strong><br \/><strong>Email: contato@arthisa.eng.br<\/strong><\/p>\n<p><strong>Fone\/WhatsApp: (51) 981842005<\/strong><\/p>\n<\/div>\n<div id=\"sp-d4et4f\" class=\"sp-spacer\" style=\"height: 22px;\" data-mobile-css=\"#sp-d4et4f|height:40px;\" data-tablet-css=\"#sp-d4et4f|height:10px;\">\u00a0<\/div>\n<\/div>\n<\/div>\n<\/section>\n<\/div>","protected":false},"excerpt":{"rendered":"<p>SITE EM MANUTEN\u00c7\u00c3O ESTAMOS TRABALHANDO EM UM NOVO SITE PARA VOC\u00ca! EM BREVE ESTAREMOS DE VOLTA! NOSSO CONTATOEmail: contato@arthisa.eng.br Fone\/WhatsApp: (51) 981842005 \u00a0<\/p>\n","protected":false},"author":1,"featured_media":0,"parent":0,"menu_order":0,"comment_status":"closed","ping_status":"closed","template":"templates\/wpmm-page-template.php","meta":{"saved_in_kubio":false,"footnotes":""},"class_list":["post-139","page","type-page","status-publish","hentry"],"kubio_ai_page_context":{"short_desc":"","purpose":"general"},"_links":{"self":[{"href":"https:\/\/arthisa.eng.br\/index.php?rest_route=\/wp\/v2\/pages\/139","targetHints":{"allow":["GET"]}}],"collection":[{"href":"https:\/\/arthisa.eng.br\/index.php?rest_route=\/wp\/v2\/pages"}],"about":[{"href":"https:\/\/arthisa.eng.br\/index.php?rest_route=\/wp\/v2\/types\/page"}],"author":[{"embeddable":true,"href":"https:\/\/arthisa.eng.br\/index.php?rest_route=\/wp\/v2\/users\/1"}],"replies":[{"embeddable":true,"href":"https:\/\/arthisa.eng.br\/index.php?rest_route=%2Fwp%2Fv2%2Fcomments&post=139"}],"version-history":[{"count":6,"href":"https:\/\/arthisa.eng.br\/index.php?rest_route=\/wp\/v2\/pages\/139\/revisions"}],"predecessor-version":[{"id":151,"href":"https:\/\/arthisa.eng.br\/index.php?rest_route=\/wp\/v2\/pages\/139\/revisions\/151"}],"wp:attachment":[{"href":"https:\/\/arthisa.eng.br\/index.php?rest_route=%2Fwp%2Fv2%2Fmedia&parent=139"}],"curies":[{"name":"wp","href":"https:\/\/api.w.org\/{rel}","templated":true}]}}