{"id":112,"date":"2026-04-14T22:19:50","date_gmt":"2026-04-15T01:19:50","guid":{"rendered":"http:\/\/arthisa.eng.br\/?page_id=112"},"modified":"2026-04-14T22:58:18","modified_gmt":"2026-04-15T01:58:18","slug":"site-em-manuteno","status":"publish","type":"page","link":"https:\/\/arthisa.eng.br\/?page_id=112","title":{"rendered":"SITE EM MANUTEN\u00c7\u00c3O 2"},"content":{"rendered":"\n<div class=\"wp-block-columns is-layout-flex wp-container-core-columns-is-layout-28f84493 wp-block-columns-is-layout-flex\">\n<div class=\"wp-block-column is-layout-flow wp-block-column-is-layout-flow\" style=\"flex-basis:100%\">\n<figure class=\"wp-block-image aligncenter size-large is-resized\"><img loading=\"lazy\" decoding=\"async\" width=\"1024\" height=\"344\" src=\"http:\/\/arthisa.eng.br\/wp-content\/uploads\/2026\/04\/Gemini_Generated_Image_t7qg4lt7qg4lt7qg-1-1024x344.png\" alt=\"\" class=\"wp-image-120\" style=\"aspect-ratio:2.976765647901851;width:333px;height:auto\" srcset=\"https:\/\/arthisa.eng.br\/wp-content\/uploads\/2026\/04\/Gemini_Generated_Image_t7qg4lt7qg4lt7qg-1-1024x344.png 1024w, https:\/\/arthisa.eng.br\/wp-content\/uploads\/2026\/04\/Gemini_Generated_Image_t7qg4lt7qg4lt7qg-1-300x101.png 300w, https:\/\/arthisa.eng.br\/wp-content\/uploads\/2026\/04\/Gemini_Generated_Image_t7qg4lt7qg4lt7qg-1-768x258.png 768w, https:\/\/arthisa.eng.br\/wp-content\/uploads\/2026\/04\/Gemini_Generated_Image_t7qg4lt7qg4lt7qg-1-1536x516.png 1536w, https:\/\/arthisa.eng.br\/wp-content\/uploads\/2026\/04\/Gemini_Generated_Image_t7qg4lt7qg4lt7qg-1.png 1762w\" sizes=\"(max-width: 1024px) 100vw, 1024px\" \/><\/figure>\n\n\n\n<div id=\"sp-page\" class=\"spBgcover sp-content-4\" style=\"background-color: #ffffff; font-family: 'Helvetica Neue', Arial, sans-serif; font-weight: 400;\">\n<section id=\"sp-ks8a8s\" class=\"sp-el-section \" style=\"width: 100%; max-width: 100%; padding: 10px;\" data-mobile-visibility=\"#sp-ks8a8s|false\" data-tablet-visibility=\"#sp-ks8a8s|false\" data-desktop-visibility=\"#sp-ks8a8s|false\" data-mobile-css=\"\" data-tablet-css=\"\">\n<div>\u00a0<\/div>\n<div id=\"sp-vw3kvy\" class=\"sp-el-row sp-w-full  sp-m-auto sm:sp-flex sp-justify-between\" style=\"padding: 0px; width: auto; max-width: 1000px;\" data-mobile-visibility=\"#sp-vw3kvy|false\" data-tablet-visibility=\"#sp-vw3kvy|false\" data-desktop-visibility=\"#sp-vw3kvy|false\" data-mobile-css=\"\" data-tablet-css=\"\">\n<div id=\"sp-ovbx1s\" class=\"sp-el-col  sp-w-full\" style=\"width: calc(100% + 0px);\" data-mobile-visibility=\"#sp-ovbx1s|false\" data-tablet-visibility=\"#sp-ovbx1s|false\" data-desktop-visibility=\"#sp-ovbx1s|false\" data-mobile-css=\"\" data-tablet-css=\"\">\n<figure id=\"sp-xnapms\" class=\"sp-image-wrapper sp-el-block\" style=\"margin: 0px; text-align: center;\" data-mobile-css=\"#sp-xnapms|text-align:center;\" data-tablet-css=\"#sp-xnapms|text-align:center;\">\n<div><img loading=\"lazy\" decoding=\"async\" class=\"sp-image-block-xnapms custom-preview-class aligncenter\" src=\"https:\/\/assets.seedprod.com\/1827-rXHOzAmuMD027FfU.png\" alt=\"\" width=\"532\" height=\"310\" data-dynamic-tag=\"\" data-image-src=\"\" data-mobile-visibility=\".sp-image-block-xnapms|false\" data-tablet-visibility=\".sp-image-block-xnapms|false\" data-desktop-visibility=\".sp-image-block-xnapms|false\" \/><\/div>\n<div id=\"sp-image-dynamic-tags-js-xnapms\"><script>jQuery(function() { image_dynamic_tags('xnapms' );});<\/script><\/div>\n<\/figure>\n<div id=\"sp-jknss8\" class=\"sp-spacer\" style=\"height: 39px;\" data-mobile-css=\"#sp-jknss8|height:40px;\" data-tablet-css=\"#sp-jknss8|height:10px;\">\u00a0<\/div>\n<h1 id=\"sp-y0sc75\" class=\"sp-css-target sp-el-block sp-headline-block-y0sc75 sp-type-header\" style=\"font-size: 54px; text-align: center; margin: 0px;\" data-mobile-css=\".sp-headline-block-y0sc75, #sp-y0sc75, #y0sc75|text-align:center;\" data-tablet-css=\".sp-headline-block-y0sc75, #sp-y0sc75, #y0sc75|text-align:center;\" data-mobile-visibility=\".sp-headline-block-y0sc75|false\" data-tablet-visibility=\".sp-headline-block-y0sc75|false\" data-desktop-visibility=\".sp-headline-block-y0sc75|false\">SITE EM MANUTEN\u00c7\u00c3O<\/h1>\n<div id=\"sp-p7ef8k\" class=\"sp-css-target sp-text-wrapper sp-el-block sp-text-wrapper-p7ef8k\" style=\"font-size: 18px; margin: 0px; text-align: center;\" data-mobile-css=\".sp-text-wrapper-p7ef8k, #sp-p7ef8k, #p7ef8k|text-align:left;\" data-tablet-css=\".sp-text-wrapper-p7ef8k, #sp-p7ef8k, #p7ef8k|text-align:left;\" data-mobile-visibility=\".sp-text-wrapper-p7ef8k|false\" data-tablet-visibility=\".sp-text-wrapper-p7ef8k|false\" data-desktop-visibility=\".sp-text-wrapper-p7ef8k|false\">\n<p>ESTAMOS TRABALHANDO EM UM NOVO SITE PARA VOC\u00ca!<\/p>\n<p>EM BREVE ESTAREMOS DE VOLTA!<\/p>\n<\/div>\n<div id=\"sp-c81xi4\" class=\"sp-spacer\" style=\"height: 12px;\" data-mobile-css=\"#sp-c81xi4|height:40px;\" data-tablet-css=\"#sp-c81xi4|height:10px;\">\u00a0<\/div>\n<div id=\"sp-hpscna\" class=\"sp-css-target sp-text-wrapper sp-el-block sp-text-wrapper-hpscna\" style=\"margin: 0px; text-align: center;\" data-mobile-css=\".sp-text-wrapper-hpscna, #sp-hpscna, #hpscna|text-align:left;\" data-tablet-css=\".sp-text-wrapper-hpscna, #sp-hpscna, #hpscna|text-align:left;\" data-mobile-visibility=\".sp-text-wrapper-hpscna|false\" data-tablet-visibility=\".sp-text-wrapper-hpscna|false\" data-desktop-visibility=\".sp-text-wrapper-hpscna|false\">\n<p><strong>NOSSO CONTATO<\/strong><br \/><strong>Email: contato@arthisa.eng.br<\/strong><\/p>\n<p><strong>Fone\/WhatsApp: (51) 981842005<\/strong><\/p>\n<\/div>\n<div id=\"sp-d4et4f\" class=\"sp-spacer\" style=\"height: 22px;\" data-mobile-css=\"#sp-d4et4f|height:40px;\" data-tablet-css=\"#sp-d4et4f|height:10px;\">\u00a0<\/div>\n<\/div>\n<\/div>\n<\/section>\n<\/div>\n<\/div>\n<\/div>\n","protected":false},"excerpt":{"rendered":"<p>\u00a0 \u00a0 SITE EM MANUTEN\u00c7\u00c3O ESTAMOS TRABALHANDO EM UM NOVO SITE PARA VOC\u00ca! EM BREVE ESTAREMOS DE VOLTA! \u00a0 NOSSO CONTATOEmail: contato@arthisa.eng.br Fone\/WhatsApp: (51) 981842005 \u00a0<\/p>\n","protected":false},"author":1,"featured_media":0,"parent":0,"menu_order":0,"comment_status":"closed","ping_status":"closed","template":"templates\/wpmm-page-template.php","meta":{"saved_in_kubio":false,"footnotes":""},"class_list":["post-112","page","type-page","status-publish","hentry"],"kubio_ai_page_context":{"short_desc":"","purpose":"general"},"_links":{"self":[{"href":"https:\/\/arthisa.eng.br\/index.php?rest_route=\/wp\/v2\/pages\/112","targetHints":{"allow":["GET"]}}],"collection":[{"href":"https:\/\/arthisa.eng.br\/index.php?rest_route=\/wp\/v2\/pages"}],"about":[{"href":"https:\/\/arthisa.eng.br\/index.php?rest_route=\/wp\/v2\/types\/page"}],"author":[{"embeddable":true,"href":"https:\/\/arthisa.eng.br\/index.php?rest_route=\/wp\/v2\/users\/1"}],"replies":[{"embeddable":true,"href":"https:\/\/arthisa.eng.br\/index.php?rest_route=%2Fwp%2Fv2%2Fcomments&post=112"}],"version-history":[{"count":10,"href":"https:\/\/arthisa.eng.br\/index.php?rest_route=\/wp\/v2\/pages\/112\/revisions"}],"predecessor-version":[{"id":138,"href":"https:\/\/arthisa.eng.br\/index.php?rest_route=\/wp\/v2\/pages\/112\/revisions\/138"}],"wp:attachment":[{"href":"https:\/\/arthisa.eng.br\/index.php?rest_route=%2Fwp%2Fv2%2Fmedia&parent=112"}],"curies":[{"name":"wp","href":"https:\/\/api.w.org\/{rel}","templated":true}]}}